{"id":63,"date":"2012-12-09T01:45:30","date_gmt":"2012-12-09T00:45:30","guid":{"rendered":"http:\/\/0p0pzxvxd.preview.infomaniak.website\/?page_id=63"},"modified":"2025-05-16T23:44:53","modified_gmt":"2025-05-16T22:44:53","slug":"mentions-legales","status":"publish","type":"page","link":"https:\/\/www.devismaisonenbois.com\/blog\/mentions-legales","title":{"rendered":"Mentions L\u00e9gales"},"content":{"rendered":"<h2>Confidentialit\u00e9 &#8211; Donn\u00e9es personnelles<\/h2>\n<p>Conform\u00e9ment \u00e0 la Loi Informatique et Libert\u00e9s en date du 6 janvier 1978, vous disposez par ailleurs d&rsquo;un droit d&rsquo;acc\u00e8s, de rectification, de modification et de suppression concernant les donn\u00e9es qui vous concernent. Vous pouvez exercer ce droit en envoyant un mail en cliquant \u00e0 l&rsquo;adresse indiqu\u00e9e sur la page <a title=\"Contact\" href=\"https:\/\/www.devismaisonenbois.com\/contact.php\">CONTACT<\/a><\/p>\n<h2>Responsabilit\u00e9<\/h2>\n<p><a title=\"Devis maison bois\" href=\"http:\/\/www.devismaisonenbois.com\">Devismaisonenbois.com<\/a> n&rsquo;a qu&rsquo;une obligation de moyens pour toutes les \u00e9tapes et fonctionnalit\u00e9s du site. Notre responsabilit\u00e9 ne saurait \u00eatre engag\u00e9e pour tous les inconv\u00e9nients ou dommages inh\u00e9rents \u00e0 l&rsquo;utilisation du r\u00e9seau Internet, notamment une rupture du service, une intrusion ext\u00e9rieure ou la pr\u00e9sence de virus informatiques, ou de tout fait qualifi\u00e9 de force majeure, conform\u00e9ment \u00e0 la jurisprudence.<\/p>\n<h2>Propri\u00e9t\u00e9 intellectuelle<\/h2>\n<p>Les marques, logos, dessins, mod\u00e8les et plus g\u00e9n\u00e9ralement toutes les maquettes sont la propri\u00e9t\u00e9 de Devis maison en bois<br \/>\nEn cons\u00e9quence, nous engagerons des poursuites, notamment en contrefa\u00e7on, \u00e0 l&rsquo;\u00e9gard de tous ceux qui, directement ou indirectement, auraient port\u00e9 atteinte \u00e0 nos droits. <strong>Devismaisonenbois.com<\/strong> peut \u00eatre amen\u00e9 \u00e0 conserver et utiliser les adresses IP des visiteurs pour une identification ult\u00e9rieure si la demande en est faite par une autorit\u00e9 habilit\u00e9e par la loi.<\/p>\n<h2>H\u00e9bergement<\/h2>\n<p>Ce site est h\u00e9berg\u00e9 par la soci\u00e9t\u00e9 Infomaniak Network SA, immatricul\u00e9e au registre du commerce du canton de Gen\u00e8ve et dont le si\u00e8ge social est situ\u00e9 rue Eug\u00e8ne Marziano 25, 1227 Les Acacias (Suisse).<\/p>\n","protected":false},"excerpt":{"rendered":"<p>Confidentialit\u00e9 &#8211; Donn\u00e9es personnelles Conform\u00e9ment \u00e0 la Loi Informatique et Libert\u00e9s en date du 6 janvier 1978, vous disposez par ailleurs d&rsquo;un droit d&rsquo;acc\u00e8s, de rectification, de modification et de suppression concernant les donn\u00e9es qui vous concernent. Vous pouvez exercer ce droit en envoyant un mail en cliquant \u00e0 l&rsquo;adresse indiqu\u00e9e sur la page CONTACT Responsabilit\u00e9 Devismaisonenbois.com n&rsquo;a qu&rsquo;une obligation de moyens pour toutes les \u00e9tapes et fonctionnalit\u00e9s du site. Notre responsabilit\u00e9 ne saurait \u00eatre engag\u00e9e pour tous les inconv\u00e9nients ou dommages inh\u00e9rents \u00e0 l&rsquo;utilisation du r\u00e9seau Internet, notamment une rupture du service, une intrusion ext\u00e9rieure ou la pr\u00e9sence de <\/p>\n","protected":false},"author":1,"featured_media":0,"parent":0,"menu_order":0,"comment_status":"open","ping_status":"open","template":"","meta":{"footnotes":""},"class_list":["post-63","page","type-page","status-publish","hentry"],"yoast_head":"<!-- This site is optimized with the Yoast SEO plugin v27.4 - https:\/\/yoast.com\/product\/yoast-seo-wordpress\/ -->\n<title>Mentions L\u00e9gales - Devis maison bois et maison bois en kit<\/title>\n<meta name=\"robots\" content=\"index, follow, max-snippet:-1, max-image-preview:large, max-video-preview:-1\" \/>\n<link rel=\"canonical\" href=\"https:\/\/www.devismaisonenbois.com\/blog\/mentions-legales\" \/>\n<meta property=\"og:locale\" content=\"fr_FR\" \/>\n<meta property=\"og:type\" content=\"article\" \/>\n<meta property=\"og:title\" content=\"Mentions L\u00e9gales - Devis maison bois et maison bois en kit\" \/>\n<meta property=\"og:description\" content=\"Confidentialit\u00e9 &#8211; Donn\u00e9es personnelles Conform\u00e9ment \u00e0 la Loi Informatique et Libert\u00e9s en date du 6 janvier 1978, vous disposez par ailleurs d&rsquo;un droit d&rsquo;acc\u00e8s, de rectification, de modification et de suppression concernant les donn\u00e9es qui vous concernent. Vous pouvez exercer ce droit en envoyant un mail en cliquant \u00e0 l&rsquo;adresse indiqu\u00e9e sur la page CONTACT Responsabilit\u00e9 Devismaisonenbois.com n&rsquo;a qu&rsquo;une obligation de moyens pour toutes les \u00e9tapes et fonctionnalit\u00e9s du site. Notre responsabilit\u00e9 ne saurait \u00eatre engag\u00e9e pour tous les inconv\u00e9nients ou dommages inh\u00e9rents \u00e0 l&rsquo;utilisation du r\u00e9seau Internet, notamment une rupture du service, une intrusion ext\u00e9rieure ou la pr\u00e9sence de\" \/>\n<meta property=\"og:url\" content=\"https:\/\/www.devismaisonenbois.com\/blog\/mentions-legales\" \/>\n<meta property=\"og:site_name\" content=\"Devis maison bois et maison bois en kit\" \/>\n<meta property=\"article:publisher\" content=\"https:\/\/www.facebook.com\/DevisMaisonEnBois\" \/>\n<meta property=\"article:modified_time\" content=\"2025-05-16T22:44:53+00:00\" \/>\n<meta property=\"og:image\" content=\"https:\/\/www.devismaisonenbois.com\/blog\/wp-content\/uploads\/2015\/03\/maison-bois-fb.jpg\" \/>\n\t<meta property=\"og:image:width\" content=\"400\" \/>\n\t<meta property=\"og:image:height\" content=\"200\" \/>\n\t<meta property=\"og:image:type\" content=\"image\/jpeg\" \/>\n<meta name=\"twitter:card\" content=\"summary_large_image\" \/>\n<meta name=\"twitter:site\" content=\"@devismaisonbois\" \/>\n<meta name=\"twitter:label1\" content=\"Dur\u00e9e de lecture estim\u00e9e\" \/>\n\t<meta name=\"twitter:data1\" content=\"2 minutes\" \/>\n<script type=\"application\/ld+json\" class=\"yoast-schema-graph\">{\"@context\":\"https:\\\/\\\/schema.org\",\"@graph\":[{\"@type\":\"WebPage\",\"@id\":\"https:\\\/\\\/www.devismaisonenbois.com\\\/blog\\\/mentions-legales\",\"url\":\"https:\\\/\\\/www.devismaisonenbois.com\\\/blog\\\/mentions-legales\",\"name\":\"Mentions L\u00e9gales - Devis maison bois et maison bois en kit\",\"isPartOf\":{\"@id\":\"https:\\\/\\\/www.devismaisonenbois.com\\\/blog\\\/#website\"},\"datePublished\":\"2012-12-09T00:45:30+00:00\",\"dateModified\":\"2025-05-16T22:44:53+00:00\",\"inLanguage\":\"fr-FR\",\"potentialAction\":[{\"@type\":\"ReadAction\",\"target\":[\"https:\\\/\\\/www.devismaisonenbois.com\\\/blog\\\/mentions-legales\"]}]},{\"@type\":\"WebSite\",\"@id\":\"https:\\\/\\\/www.devismaisonenbois.com\\\/blog\\\/#website\",\"url\":\"https:\\\/\\\/www.devismaisonenbois.com\\\/blog\\\/\",\"name\":\"Devis maison bois et maison bois en kit\",\"description\":\"Construction de maison bois et maison bois en kit\",\"publisher\":{\"@id\":\"https:\\\/\\\/www.devismaisonenbois.com\\\/blog\\\/#organization\"},\"potentialAction\":[{\"@type\":\"SearchAction\",\"target\":{\"@type\":\"EntryPoint\",\"urlTemplate\":\"https:\\\/\\\/www.devismaisonenbois.com\\\/blog\\\/?s={search_term_string}\"},\"query-input\":{\"@type\":\"PropertyValueSpecification\",\"valueRequired\":true,\"valueName\":\"search_term_string\"}}],\"inLanguage\":\"fr-FR\"},{\"@type\":\"Organization\",\"@id\":\"https:\\\/\\\/www.devismaisonenbois.com\\\/blog\\\/#organization\",\"name\":\"Devis Maison en Bois\",\"url\":\"https:\\\/\\\/www.devismaisonenbois.com\\\/blog\\\/\",\"logo\":{\"@type\":\"ImageObject\",\"inLanguage\":\"fr-FR\",\"@id\":\"https:\\\/\\\/www.devismaisonenbois.com\\\/blog\\\/#\\\/schema\\\/logo\\\/image\\\/\",\"url\":\"https:\\\/\\\/www.devismaisonenbois.com\\\/blog\\\/wp-content\\\/uploads\\\/2016\\\/02\\\/logo.png\",\"contentUrl\":\"https:\\\/\\\/www.devismaisonenbois.com\\\/blog\\\/wp-content\\\/uploads\\\/2016\\\/02\\\/logo.png\",\"width\":195,\"height\":77,\"caption\":\"Devis Maison en Bois\"},\"image\":{\"@id\":\"https:\\\/\\\/www.devismaisonenbois.com\\\/blog\\\/#\\\/schema\\\/logo\\\/image\\\/\"},\"sameAs\":[\"https:\\\/\\\/www.facebook.com\\\/DevisMaisonEnBois\",\"https:\\\/\\\/x.com\\\/devismaisonbois\"]}]}<\/script>\n<!-- \/ Yoast SEO plugin. -->","yoast_head_json":{"title":"Mentions L\u00e9gales - Devis maison bois et maison bois en kit","robots":{"index":"index","follow":"follow","max-snippet":"max-snippet:-1","max-image-preview":"max-image-preview:large","max-video-preview":"max-video-preview:-1"},"canonical":"https:\/\/www.devismaisonenbois.com\/blog\/mentions-legales","og_locale":"fr_FR","og_type":"article","og_title":"Mentions L\u00e9gales - Devis maison bois et maison bois en kit","og_description":"Confidentialit\u00e9 &#8211; Donn\u00e9es personnelles Conform\u00e9ment \u00e0 la Loi Informatique et Libert\u00e9s en date du 6 janvier 1978, vous disposez par ailleurs d&rsquo;un droit d&rsquo;acc\u00e8s, de rectification, de modification et de suppression concernant les donn\u00e9es qui vous concernent. Vous pouvez exercer ce droit en envoyant un mail en cliquant \u00e0 l&rsquo;adresse indiqu\u00e9e sur la page CONTACT Responsabilit\u00e9 Devismaisonenbois.com n&rsquo;a qu&rsquo;une obligation de moyens pour toutes les \u00e9tapes et fonctionnalit\u00e9s du site. Notre responsabilit\u00e9 ne saurait \u00eatre engag\u00e9e pour tous les inconv\u00e9nients ou dommages inh\u00e9rents \u00e0 l&rsquo;utilisation du r\u00e9seau Internet, notamment une rupture du service, une intrusion ext\u00e9rieure ou la pr\u00e9sence de","og_url":"https:\/\/www.devismaisonenbois.com\/blog\/mentions-legales","og_site_name":"Devis maison bois et maison bois en kit","article_publisher":"https:\/\/www.facebook.com\/DevisMaisonEnBois","article_modified_time":"2025-05-16T22:44:53+00:00","og_image":[{"width":400,"height":200,"url":"https:\/\/www.devismaisonenbois.com\/blog\/wp-content\/uploads\/2015\/03\/maison-bois-fb.jpg","type":"image\/jpeg"}],"twitter_card":"summary_large_image","twitter_site":"@devismaisonbois","twitter_misc":{"Dur\u00e9e de lecture estim\u00e9e":"2 minutes"},"schema":{"@context":"https:\/\/schema.org","@graph":[{"@type":"WebPage","@id":"https:\/\/www.devismaisonenbois.com\/blog\/mentions-legales","url":"https:\/\/www.devismaisonenbois.com\/blog\/mentions-legales","name":"Mentions L\u00e9gales - Devis maison bois et maison bois en kit","isPartOf":{"@id":"https:\/\/www.devismaisonenbois.com\/blog\/#website"},"datePublished":"2012-12-09T00:45:30+00:00","dateModified":"2025-05-16T22:44:53+00:00","inLanguage":"fr-FR","potentialAction":[{"@type":"ReadAction","target":["https:\/\/www.devismaisonenbois.com\/blog\/mentions-legales"]}]},{"@type":"WebSite","@id":"https:\/\/www.devismaisonenbois.com\/blog\/#website","url":"https:\/\/www.devismaisonenbois.com\/blog\/","name":"Devis maison bois et maison bois en kit","description":"Construction de maison bois et maison bois en kit","publisher":{"@id":"https:\/\/www.devismaisonenbois.com\/blog\/#organization"},"potentialAction":[{"@type":"SearchAction","target":{"@type":"EntryPoint","urlTemplate":"https:\/\/www.devismaisonenbois.com\/blog\/?s={search_term_string}"},"query-input":{"@type":"PropertyValueSpecification","valueRequired":true,"valueName":"search_term_string"}}],"inLanguage":"fr-FR"},{"@type":"Organization","@id":"https:\/\/www.devismaisonenbois.com\/blog\/#organization","name":"Devis Maison en Bois","url":"https:\/\/www.devismaisonenbois.com\/blog\/","logo":{"@type":"ImageObject","inLanguage":"fr-FR","@id":"https:\/\/www.devismaisonenbois.com\/blog\/#\/schema\/logo\/image\/","url":"https:\/\/www.devismaisonenbois.com\/blog\/wp-content\/uploads\/2016\/02\/logo.png","contentUrl":"https:\/\/www.devismaisonenbois.com\/blog\/wp-content\/uploads\/2016\/02\/logo.png","width":195,"height":77,"caption":"Devis Maison en Bois"},"image":{"@id":"https:\/\/www.devismaisonenbois.com\/blog\/#\/schema\/logo\/image\/"},"sameAs":["https:\/\/www.facebook.com\/DevisMaisonEnBois","https:\/\/x.com\/devismaisonbois"]}]}},"_links":{"self":[{"href":"https:\/\/www.devismaisonenbois.com\/blog\/wp-json\/wp\/v2\/pages\/63","targetHints":{"allow":["GET"]}}],"collection":[{"href":"https:\/\/www.devismaisonenbois.com\/blog\/wp-json\/wp\/v2\/pages"}],"about":[{"href":"https:\/\/www.devismaisonenbois.com\/blog\/wp-json\/wp\/v2\/types\/page"}],"author":[{"embeddable":true,"href":"https:\/\/www.devismaisonenbois.com\/blog\/wp-json\/wp\/v2\/users\/1"}],"replies":[{"embeddable":true,"href":"https:\/\/www.devismaisonenbois.com\/blog\/wp-json\/wp\/v2\/comments?post=63"}],"version-history":[{"count":2,"href":"https:\/\/www.devismaisonenbois.com\/blog\/wp-json\/wp\/v2\/pages\/63\/revisions"}],"predecessor-version":[{"id":3982,"href":"https:\/\/www.devismaisonenbois.com\/blog\/wp-json\/wp\/v2\/pages\/63\/revisions\/3982"}],"wp:attachment":[{"href":"https:\/\/www.devismaisonenbois.com\/blog\/wp-json\/wp\/v2\/media?parent=63"}],"curies":[{"name":"wp","href":"https:\/\/api.w.org\/{rel}","templated":true}]}}